{"id":206,"date":"2023-05-30T14:29:34","date_gmt":"2023-05-30T14:29:34","guid":{"rendered":"https:\/\/infracon.cl\/?page_id=206"},"modified":"2023-05-30T22:50:16","modified_gmt":"2023-05-30T22:50:16","slug":"estudios-pasados","status":"publish","type":"page","link":"https:\/\/infracon.cl\/?page_id=206","title":{"rendered":"Estudios Pasados"},"content":{"rendered":"\n<figure class=\"wp-block-table\"><table><tbody><tr><td>2019-2021<\/td><td>Adecuaci\u00f3n de Estudios Plan Regulador Intercomunal Lago Llanquihue e Hinterland de Puerto Montt<\/td><td>SEREMI MINVU Regi\u00f3n de Los Lagos<\/td><\/tr><tr><td>2019-2022<\/td><td>Diagn\u00f3stico e imagen objetivo Actualizaci\u00f3n&nbsp; Plan Regulador Comunal de Quilicura\u201d<\/td><td>SEREMI Metropolitana de Vivienda y Urbanismo<\/td><\/tr><tr><td>2019-2022<\/td><td>Actualizaci\u00f3n estudios complementarios a la modificaci\u00f3n del Plan Regulador Comunal: &#8220;Sector sur y oriente de Pe\u00f1alol\u00e9n&#8221;<\/td><td>Municipalidad de Pe\u00f1alol\u00e9n<\/td><\/tr><tr><td>2018 \u2013 2023 en ejecuci\u00f3n<strong><\/strong><\/td><td>Estudios Previos Plan Regulador de Puerto Octay, Regi\u00f3n de Los Lagos<\/td><td>SEREMI MINVU Regi\u00f3n de Los Lagos<\/td><\/tr><tr><td>2017 \u2013 2022<strong><\/strong><\/td><td>Estudios Previos Plan Regulador de Purranque, Regi\u00f3n de Los Lagos<\/td><td>SEREMI MINVU Regi\u00f3n de Los Lagos<\/td><\/tr><tr><td>2017 \u2013 2022<strong><\/strong><\/td><td>Estudios Previos Plan Regulador de Fresia, Regi\u00f3n de Los Lagos<\/td><td>SEREMI MINVU Regi\u00f3n de Los Lagos<\/td><\/tr><tr><td>2017 \u2013 2022<strong><\/strong><\/td><td>Estudios Previos Plan Regulador de San Llanquihue, Regi\u00f3n de Los Lagos<\/td><td>SEREMI MINVU Regi\u00f3n de Los Lagos<\/td><\/tr><tr><td>2017 \u2013 2020<\/td><td>Estudio Adecuaci\u00f3n Plan Regulador Comunal de Los Vilos<\/td><td>SEREMI MINVU Regi\u00f3n de Coquimbo<strong><\/strong><\/td><\/tr><tr><td>2016 \u2013 2019<\/td><td>Actualizaci\u00f3n Plan Regulador Intercomunal de Limar\u00ed<\/td><td>SEREMI MINVU Regi\u00f3n de Coquimbo<\/td><\/tr><tr><td>2016 \u2013 2017<\/td><td>Proceso de aprobaci\u00f3n Modificaci\u00f3n Plan Regulador Comunal de Tocopilla, zona urbana industrial no consolidada<\/td><td>SEREMI MINVU Regi\u00f3n de Antofagasta<\/td><\/tr><tr><td>2016 \u2013 2018<\/td><td>Estudio actualizaci\u00f3n PRI Elqui &#8211; Estudio de Riesgos Paihuano y Vicu\u00f1a<\/td><td>SEREMI MINVU Regi\u00f3n de Coquimbo<strong><\/strong><\/td><\/tr><tr><td>2015 \u2013 2017<\/td><td>An\u00e1lisis, Adecuaci\u00f3n Normativa y Evaluaci\u00f3n Ambiental Estrat\u00e9gica del Estudio Plan Regulador Comunal de Quinta Normal<\/td><td>SEREMI MINVU Regi\u00f3n Metropolitana<\/td><\/tr><tr><td>2015 \u2013 2017<\/td><td>Diagn\u00f3stico Estudios de Riesgos Correntoso, Ensenada, Las Cascadas, Adecuaci\u00f3n PRI Lago Llanquihue e Hinterland de Puerto Montt, Regi\u00f3n de Los Lagos<\/td><td>SEREMI MINVU Regi\u00f3n de Los Lagos<\/td><\/tr><tr><td>2015 \u2013 2016<strong><\/strong><\/td><td>Estudio de Riesgos y Protecci\u00f3n Ambiental Plan Regulador Comunal de Lo Barnechea, sector Centro Cordillera<strong><\/strong><\/td><td>Municipalidad de Lo Barnechea<\/td><\/tr><tr><td>2015 \u2013 2018<strong><\/strong><\/td><td>Estudios Previos Plan Regulador de San Juan de la Costa, Regi\u00f3n de Los Lagos<\/td><td>SEREMI MINVU Regi\u00f3n de Los Lagos<\/td><\/tr><tr><td>2015 \u2013 2018<strong><\/strong><\/td><td>Estudios Previos Plan Regulador de Puqueld\u00f3n, Regi\u00f3n de Los Lagos<\/td><td>SEREMI MINVU Regi\u00f3n de Los Lagos<\/td><\/tr><tr><td>2014 \u2013 2016<\/td><td>Estudio Adecuaci\u00f3n Formulaci\u00f3n Plan Regulador Comunal de Canela,&nbsp; Regi\u00f3n De Coquimbo<\/td><td>Municipalidad de Canela<\/td><\/tr><tr><td>2014 \u2013 2018<\/td><td>Adecuaci\u00f3n Estudio Plan Regulador Comunal de Monte Patria,&nbsp; Regi\u00f3n De Coquimbo<\/td><td>Municipalidad de Monte Patria<\/td><\/tr><tr><td>2014 \u2013 2016<\/td><td>Estudios Previos Plan Regulador de Cocham\u00f3, Regi\u00f3n de Los Lagos<\/td><td>SEREMI MINVU Regi\u00f3n de Los Lagos<\/td><\/tr><tr><td>2014 \u2013 2021<\/td><td>Estudio Plan Regulador Comuna de Pudahuel<\/td><td>Municipalidad de Pudahuel<\/td><\/tr><tr><td>2013 \u2013 2016<\/td><td>Modificaci\u00f3n Plan Regulador Comunal de Tocopilla, zona urbana industrial no consolidada<\/td><td>SEREMI MINVU Regi\u00f3n de Antofagasta<\/td><\/tr><tr><td>2013 \u2013 2015<\/td><td>Estudios Previos Plan Regulador de Quemchi, Regi\u00f3n de Los Lagos<\/td><td>SEREMI MINVU Regi\u00f3n de Los Lagos<\/td><\/tr><tr><td>2013 \u2013 2014<\/td><td>Estudio de Riesgos y Protecci\u00f3n Ambiental Plan Regulador Comunal de Lo Barnechea<\/td><td>Municipalidad de Lo Barnechea<\/td><\/tr><tr><td>2013 \u2013 2014<\/td><td>Estudio de Vulnerabilidad en el marco de: &#8220;Estudio de sendas de avalanchas, flujos de detritos y otros, en la ruta 115-ch, sector La Mina &#8211; L\u00edmite fronterizo, Regi\u00f3n del Maule&#8221;.<\/td><td>Para INTRAT Consultores. Direcci\u00f3n Regional de Vialidad, Regi\u00f3n del Maule,&nbsp; MOP<\/td><\/tr><tr><td>2013 \u2013 2018<\/td><td>Estudio Adecuaci\u00f3n Plan Regulador Comunal de Punitaqui,&nbsp; Regi\u00f3n De Coquimbo<\/td><td>Municipalidad de Punitaqui<\/td><\/tr><tr><td>2012 \u2013 2014<\/td><td>Adecuaci\u00f3n Estudios Previos Actualizaci\u00f3n Plan Regulador de Ancud, Regi\u00f3n de Los Lagos<\/td><td>SEREMI MINVU Regi\u00f3n de Los Lagos<\/td><\/tr><tr><td>2012<\/td><td>Estudio de Riesgo Caleta La Arena, Comuna de Puerto Montt<\/td><td>Ilustre Municipalidad de Puerto Montt<\/td><\/tr><tr><td>2012<\/td><td>Estudio de Inserci\u00f3n Territorial Estaci\u00f3n Multimodal Los Andes (Corredor Bioce\u00e1nico Aconcagua)<\/td><td>CASA<\/td><\/tr><tr><td>2012<\/td><td>Modificaci\u00f3n Plan Regulador Comunal de Machal\u00ed<\/td><td>SEREMI MINVU Regi\u00f3n de O\u2019Higgins<\/td><\/tr><tr><td>2011 \u2013 2013<\/td><td>Estudios Previos Actualizaci\u00f3n Plan Regulador Comunal de Los Muermos<\/td><td>SEREMI MINVU Regi\u00f3n de Los Lagos<\/td><\/tr><tr><td>2011 \u2013 2015<\/td><td>Estudios Previos Actualizaci\u00f3n Plan Regulador Comunal de Puyehue<\/td><td>SEREMI MINVU Regi\u00f3n de Los Lagos<\/td><\/tr><tr><td>2011 \u2013 2015<strong><\/strong><\/td><td>Estudios Previos para la Actualizaci\u00f3n del Plan Regulador comunal de Chait\u00e9n<strong><\/strong><\/td><td>SEREMI MINVU Regi\u00f3n de Los Lagos<strong><\/strong><\/td><\/tr><tr><td>2011 -2012<\/td><td>Adecuaci\u00f3n Estudio Plan Regulador Comunal de Constituci\u00f3n<\/td><td>SEREMI MINVU Regi\u00f3n del Maule<\/td><\/tr><tr><td>2011 \u2013 2014<strong><\/strong><\/td><td>Adecuaci\u00f3n Formulaci\u00f3n Plan Regulador de Paihuano, Regi\u00f3n de Coquimbo<\/td><td>Municipalidad de Paihuano<\/td><\/tr><tr><td>2011 \u2013 2016<strong><\/strong><\/td><td>Adecuaci\u00f3n Estudio Plan Regulador Comunal de La Higuera, Regi\u00f3n de Coquimbo<\/td><td>Municipalidad de La Higuera<\/td><\/tr><tr><td>2011 \u2013 2015<strong><\/strong><\/td><td>Actualizaci\u00f3n Plan Regulador comunal de San Felipe, Regi\u00f3n de Valpara\u00edso<\/td><td>SEREMI MINVU Regi\u00f3n de Valpara\u00edso<\/td><\/tr><tr><td>2011 \u2013 2012<strong><\/strong><\/td><td>Estudio de riesgo de sismos, volcanismo, remoci\u00f3n en masa, inundaci\u00f3n por desborde de cauces y canales y maremotos para ocho localidades de la comuna de Chait\u00e9n<\/td><td>Subsecretar\u00eda de Desarrollo Regional y Administrativo<\/td><\/tr><tr><td>2011<\/td><td>Estudio de Riesgos Machal\u00ed<\/td><td>SEREMI MINVU Regi\u00f3n de O\u2019Higgins<strong><\/strong><\/td><\/tr><tr><td>2011 \u2013 2012<strong><\/strong><\/td><td>Estudio de Riesgo, Informe Antis\u00edsmico y Adecuaci\u00f3n Estudio PRC Curepto\u201d<\/td><td>SEREMI MINVU Regi\u00f3n del Maule<strong><\/strong><\/td><\/tr><tr><td>2011 \u2013 2012<strong><\/strong><\/td><td>Actualizaci\u00f3n Estudio PRC Empedrado<\/td><td>SEREMI MINVU Regi\u00f3n del Maule<strong><\/strong><\/td><\/tr><tr><td>2011 \u2013 2012<strong><\/strong><\/td><td>Actualizaci\u00f3n Estudio PRC Pencahue<\/td><td>SEREMI MINVU Regi\u00f3n del Maule<strong><\/strong><\/td><\/tr><tr><td>2011 \u2013 2012<strong><\/strong><\/td><td>Actualizaci\u00f3n Estudio PRC Maule<\/td><td>SEREMI MINVU Regi\u00f3n del Maule<strong><\/strong><\/td><\/tr><tr><td>2011 \u2013 2012<strong><\/strong><\/td><td>Actualizaci\u00f3n e Informe Antis\u00edsmico Estudio PRC Licant\u00e9n<\/td><td>SEREMI MINVU Regi\u00f3n del Maule<strong><\/strong><\/td><\/tr><tr><td>2010 -2011<\/td><td>Diagn\u00f3stico sobre el Estado de Situaci\u00f3n del Qhapaq \u00d1an en Chile \u2013 Componente de Conservaci\u00f3n de Bienes Culturales<\/td><td>Subsecretar\u00eda de Desarrollo Regional y Administrativo<\/td><\/tr><tr><td>2009-2010<\/td><td>Diagn\u00f3stico sobre el Estado de Situaci\u00f3n del Qhapaq \u00d1an en Chile \u2013 Componente de Registros<\/td><td>Subsecretar\u00eda de Desarrollo Regional y Administrativo<\/td><\/tr><tr><td>2009 &#8211; 2012<\/td><td>Actualizaci\u00f3n y Aprobaci\u00f3n Legal del PRC de Los Vilos, Regi\u00f3n de Coquimbo<\/td><td>SEREMI MINVU Regi\u00f3n de Coquimbo<\/td><\/tr><tr><td>2010 &#8211; 2012<\/td><td>Estudio Actualizaci\u00f3n y Modificaci\u00f3n del PRC de Ovalle,&nbsp; Regi\u00f3n de Coquimbo<\/td><td>SEREMI MINVU Regi\u00f3n de Coquimbo<\/td><\/tr><tr><td>2009 &#8211; 2011<\/td><td>Estudio Plan Regulador Intercomunal de Linares y comunas Aleda\u00f1as<\/td><td>SEREMI MINVU Regi\u00f3n del Maule<\/td><\/tr><tr><td>2009 &#8211; 2011<\/td><td>Estudio Plan Regulador Intercomunal de Talca&nbsp; y comunas Aleda\u00f1as<\/td><td>SEREMI MINVU Regi\u00f3n del Maule<\/td><\/tr><tr><td>2009 &#8211; 2010<\/td><td>Plan Seccional Laguna del Maule<\/td><td>SEREMI MINVU Regi\u00f3n del Maule<\/td><\/tr><tr><td>2008 &#8211; 2010<\/td><td>Actualizaci\u00f3n PRC de Canela, Regi\u00f3n de Coquimbo<\/td><td>SEREMI MINVU Regi\u00f3n de Coquimbo<\/td><\/tr><tr><td>2007 &#8211; 2008<\/td><td>Estudio de Riesgos Localidades Costeras Regi\u00f3n de Coquimbo<\/td><td>SEREMI MINVU Regi\u00f3n de Coquimbo<\/td><\/tr><tr><td>2006 -2007<\/td><td>Estudio Diagn\u00f3stico Plan Seccional Isla Gaviota, Comuna de La Higuera<\/td><td>SEREMI MINVU Regi\u00f3n de Coquimbo<\/td><\/tr><tr><td>2006 \u2013 2007<\/td><td>Plan Regulador de Mar\u00eda Pinto, Regi\u00f3n Metropolitana<\/td><td>SEREMI MINVU Regi\u00f3n Metropolitana<\/td><\/tr><tr><td>2006 \u2013 2007<\/td><td>Plan Regulador de Alhu\u00e9, Regi\u00f3n Metropolitana<\/td><td>SEREMI MINVU Regi\u00f3n Metropolitana<\/td><\/tr><tr><td>2006 \u2013 2007<\/td><td>Actualizaci\u00f3n Plan Regulador Comunal de Juan Fern\u00e1ndez<\/td><td>Para AMBAR S.A. por encargo de Municipalidad de Juan Fern\u00e1ndez<\/td><\/tr><tr><td>2005 &#8211; 2007<\/td><td>Estudio Plan Regulador Comunal de San Javier, Villa Alegre y Empedrado<\/td><td>SEREMI MINVU Regi\u00f3n del Maule<\/td><\/tr><tr><td>2004 &#8211; 2006<\/td><td>Estudio Plan Regulador Comunal de Constituci\u00f3n, Maule y Pencahue<\/td><td>SEREMI MINVU Regi\u00f3n del Maule<\/td><\/tr><tr><td>2003 &#8211; 2004<\/td><td>Proyecto de Dise\u00f1o Parque La Pampilla de Vicu\u00f1a, Regi\u00f3n de Coquimbo<\/td><td>SEREMI MINVU Regi\u00f3n de Coquimbo<\/td><\/tr><tr><td>2003 &#8211; 2004<\/td><td>Diagn\u00f3stico Plan&nbsp; Regulador Intercomunal Coyhaique \u2013 Puerto Ays\u00e9n, Regi\u00f3n de Ays\u00e9n (Etapa de Diagn\u00f3stico)<\/td><td>SEREMI MINVU Regi\u00f3n de Ays\u00e9n<\/td><\/tr><tr><td>2003-2005<\/td><td>Estudio Plan Regulador Comunal de La Higuera, Regi\u00f3n de Coquimbo<\/td><td>Municipalidad de La Higuera<\/td><\/tr><tr><td>2002-2004<\/td><td>Estudio Plan Regulador Comunal de Salamanca, Regi\u00f3n de Coquimbo<\/td><td>Municipalidad de Salamanca<\/td><\/tr><tr><td>2002-2003<\/td><td>Estudio Territorios de Planificaci\u00f3n en la Zona Centro del Pa\u00eds; Regiones de Valpara\u00edso y O\u2019Higgins<\/td><td>MIDEPLAN Divisi\u00f3n de Planificaci\u00f3n Regional<\/td><\/tr><\/tbody><\/table><\/figure>\n","protected":false},"excerpt":{"rendered":"<p>2019-2021 Adecuaci\u00f3n de Estudios Plan Regulador Intercomunal Lago Llanquihue e Hinterland de Puerto Montt SEREMI MINVU Regi\u00f3n de Los Lagos 2019-2022 Diagn\u00f3stico e imagen objetivo Actualizaci\u00f3n&nbsp; Plan Regulador Comunal de Quilicura\u201d SEREMI Metropolitana de Vivienda y Urbanismo 2019-2022 Actualizaci\u00f3n estudios complementarios a la modificaci\u00f3n del Plan Regulador Comunal: &#8220;Sector sur y oriente de Pe\u00f1alol\u00e9n&#8221; Municipalidad de Pe\u00f1alol\u00e9n 2018 \u2013 2023 en ejecuci\u00f3n Estudios Previos Plan Regulador de Puerto Octay, Regi\u00f3n de Los Lagos SEREMI MINVU Regi\u00f3n de Los Lagos 2017 \u2013 2022 Estudios Previos Plan Regulador de Purranque, Regi\u00f3n de Los Lagos SEREMI MINVU Regi\u00f3n de Los Lagos 2017 \u2013<\/p>\n","protected":false},"author":1,"featured_media":0,"parent":0,"menu_order":0,"comment_status":"closed","ping_status":"closed","template":"template-basic","meta":{"footnotes":""},"class_list":["post-206","page","type-page","status-publish","hentry"],"_links":{"self":[{"href":"https:\/\/infracon.cl\/index.php?rest_route=\/wp\/v2\/pages\/206","targetHints":{"allow":["GET"]}}],"collection":[{"href":"https:\/\/infracon.cl\/index.php?rest_route=\/wp\/v2\/pages"}],"about":[{"href":"https:\/\/infracon.cl\/index.php?rest_route=\/wp\/v2\/types\/page"}],"author":[{"embeddable":true,"href":"https:\/\/infracon.cl\/index.php?rest_route=\/wp\/v2\/users\/1"}],"replies":[{"embeddable":true,"href":"https:\/\/infracon.cl\/index.php?rest_route=%2Fwp%2Fv2%2Fcomments&post=206"}],"version-history":[{"count":2,"href":"https:\/\/infracon.cl\/index.php?rest_route=\/wp\/v2\/pages\/206\/revisions"}],"predecessor-version":[{"id":240,"href":"https:\/\/infracon.cl\/index.php?rest_route=\/wp\/v2\/pages\/206\/revisions\/240"}],"wp:attachment":[{"href":"https:\/\/infracon.cl\/index.php?rest_route=%2Fwp%2Fv2%2Fmedia&parent=206"}],"curies":[{"name":"wp","href":"https:\/\/api.w.org\/{rel}","templated":true}]}}